{"id":15480,"date":"2021-06-21T22:21:06","date_gmt":"2021-06-21T22:21:06","guid":{"rendered":"http:\/\/www.target-partners.com\/?page_id=15480"},"modified":"2025-07-23T12:21:12","modified_gmt":"2025-07-23T12:21:12","slug":"notre-equipe","status":"publish","type":"page","link":"https:\/\/www.target-partners.com\/fr\/le-cabinet\/notre-equipe\/","title":{"rendered":"Notre \u00e9quipe"},"content":{"rendered":"\t\t<div data-elementor-type=\"wp-page\" data-elementor-id=\"15480\" class=\"elementor elementor-15480\">\n\t\t\t\t\t\t<section class=\"elementor-section elementor-top-section elementor-element elementor-element-ce67eb1 elementor-section-boxed elementor-section-height-default elementor-section-height-default parallax_section_no qode_elementor_container_no\" data-id=\"ce67eb1\" data-element_type=\"section\">\n\t\t\t\t\t\t<div class=\"elementor-container elementor-column-gap-default\">\n\t\t\t\t\t<div class=\"elementor-column elementor-col-100 elementor-top-column elementor-element elementor-element-8b71af9\" data-id=\"8b71af9\" data-element_type=\"column\">\n\t\t\t<div class=\"elementor-widget-wrap elementor-element-populated\">\n\t\t\t\t\t\t<div class=\"elementor-element elementor-element-da993f3 premium-header-block elementor-invisible elementor-widget elementor-widget-premium-addon-dual-header\" data-id=\"da993f3\" data-element_type=\"widget\" data-settings=\"{&quot;_animation&quot;:&quot;fadeInDown&quot;}\" data-widget_type=\"premium-addon-dual-header.default\">\n\t\t\t\t<div class=\"elementor-widget-container\">\n\t\t\t\t\t\r\n\t\t\t\t\t<h2 class=\"premium-dual-header-first-header \"><span class=\"premium-dual-header-first-span\"> <\/span><span class=\"premium-dual-header-second-header \">\u00e9quipe d\u00e9rigeante<\/span><\/h2> \t\t\r\n\t\t\t\t\t\t<\/div>\n\t\t\t\t<\/div>\n\t\t\t\t<div class=\"elementor-element elementor-element-fef8975 elementor-widget elementor-widget-text-editor\" data-id=\"fef8975\" data-element_type=\"widget\" data-widget_type=\"text-editor.default\">\n\t\t\t\t<div class=\"elementor-widget-container\">\n\t\t\t\t\t\t\t\t\t<div class=\"separator small center \" style=\"margin-top: -10px; margin-bottom: 8px;\"><\/div>\t\t\t\t\t\t\t\t<\/div>\n\t\t\t\t<\/div>\n\t\t\t\t<div class=\"elementor-element elementor-element-ba8d853 elementor-widget elementor-widget-text-editor\" data-id=\"ba8d853\" data-element_type=\"widget\" data-widget_type=\"text-editor.default\">\n\t\t\t\t<div class=\"elementor-widget-container\">\n\t\t\t\t\t\t\t\t\t<p>Le cabinet Target Partners dispose d\u2019experts d\u00e9di\u00e9s pour chaque nature d&rsquo;intervention.<br>\nNos \u00e9quipes suivent des programmes de formation et de mise \u00e0 niveau\nr\u00e9guli\u00e8rement afin de fournir une prestation de qualit\u00e9 irr\u00e9prochable.<br>\nNos \u00e9quipes constituent un atout permettant de proposer aux dirigeants<br>\nune prestation compl\u00e8te et adapt\u00e9e et de devenir ainsi leur Business Partner.<\/p>\t\t\t\t\t\t\t\t<\/div>\n\t\t\t\t<\/div>\n\t\t\t\t\t<\/div>\n\t\t<\/div>\n\t\t\t\t\t<\/div>\n\t\t<\/section>\n\t\t\t\t<section class=\"elementor-section elementor-top-section elementor-element elementor-element-8cbb3ec elementor-section-boxed elementor-section-height-default elementor-section-height-default parallax_section_no qode_elementor_container_no\" data-id=\"8cbb3ec\" data-element_type=\"section\">\n\t\t\t\t\t\t<div class=\"elementor-container elementor-column-gap-default\">\n\t\t\t\t\t<div class=\"elementor-column elementor-col-100 elementor-top-column elementor-element elementor-element-b80d0d0\" data-id=\"b80d0d0\" data-element_type=\"column\">\n\t\t\t<div class=\"elementor-widget-wrap elementor-element-populated\">\n\t\t\t\t\t\t<section class=\"elementor-section elementor-inner-section elementor-element elementor-element-7dfb029 team-expert elementor-section-boxed elementor-section-height-default elementor-section-height-default parallax_section_no qode_elementor_container_no\" data-id=\"7dfb029\" data-element_type=\"section\">\n\t\t\t\t\t\t<div class=\"elementor-container elementor-column-gap-default\">\n\t\t\t\t\t<div class=\"elementor-column elementor-col-100 elementor-inner-column elementor-element elementor-element-ddf6be3\" data-id=\"ddf6be3\" data-element_type=\"column\">\n\t\t\t<div class=\"elementor-widget-wrap elementor-element-populated\">\n\t\t\t\t\t\t<div class=\"elementor-element elementor-element-59e5a7f elementor-widget elementor-widget-premium-addon-person\" data-id=\"59e5a7f\" data-element_type=\"widget\" data-settings=\"{&quot;persons_per_row_tablet&quot;:&quot;50%&quot;,&quot;persons_per_row&quot;:&quot;33.33%&quot;,&quot;persons_per_row_mobile&quot;:&quot;100%&quot;}\" data-widget_type=\"premium-addon-person.default\">\n\t\t\t\t<div class=\"elementor-widget-container\">\n\t\t\t\t\t\t\t<div class=\"premium-persons-container premium-person-style2 multiple-persons\" data-persons-equal=\"\">\n\t\t\t\t\t\t\t\t<div class=\"premium-person-container premium-person-none-effect\">\n\t\t\t\t\t\t<div class=\"premium-person-image-container\">\n\t\t\t\t\t\t<img fetchpriority=\"high\" decoding=\"async\" width=\"640\" height=\"640\" src=\"https:\/\/www.target-partners.com\/wp-content\/uploads\/2025\/05\/IMG_8058-1.jpg\" class=\"attachment-full size-full wp-image-16579\" alt=\"\" srcset=\"https:\/\/www.target-partners.com\/wp-content\/uploads\/2025\/05\/IMG_8058-1.jpg 640w, https:\/\/www.target-partners.com\/wp-content\/uploads\/2025\/05\/IMG_8058-1-300x300.jpg 300w, https:\/\/www.target-partners.com\/wp-content\/uploads\/2025\/05\/IMG_8058-1-150x150.jpg 150w, https:\/\/www.target-partners.com\/wp-content\/uploads\/2025\/05\/IMG_8058-1-570x570.jpg 570w, https:\/\/www.target-partners.com\/wp-content\/uploads\/2025\/05\/IMG_8058-1-500x500.jpg 500w\" sizes=\"(max-width: 640px) 100vw, 640px\" \/>\t\t\t\t\t\t\t\t\t\t\t\t\t<\/div>\n\t\t\t\t\t\t<div class=\"premium-person-info\">\n\t\t\t\t\t\t\t\t\t\t<div class=\"premium-person-info-container\">\n\t\t\t\t\t\t\t\t\t<h3 class=\"premium-person-name\">Lahbib CHAFOUAI <\/h3>\n\t\t\t\t\t\t\t\t\t\t\t<h4 class=\"premium-person-title\">\n\t\t\t\t\t\t\t<span>Associ\u00e9, cofondateur <\/span>\n\t\t\t\t\t\t<\/h4>\n\t\t\t\t\t\t\t\t\t\t\t<div class=\"premium-person-content\">\n\t\t\t\t\t\t\t<p>Lahbib CHAFOUAI est associ\u00e9 co-fondateur de Target Partners, charg\u00e9 de la supervision des activit\u00e9s Tax et expertise comptable.<\/p><p>Titulaire du dipl\u00f4me sup\u00e9rieur de comptabilit\u00e9 et de gestion en France, Lahbib accumule plus de <b>18 ann\u00e9es<\/b> d\u2019exp\u00e9riences dans les m\u00e9tiers de la comptabilit\u00e9, de la fiscalit\u00e9 et du conseil.<\/p><p>Lahbib a co-fond\u00e9 Target Partners en 2018 apr\u00e8s plusieurs ann\u00e9es en cabinets d\u2019expertise comptable locaux et big-four.<\/p>\t\t\t\t\t\t<\/div>\n\t\t\t\t\t\t\t\t<\/div>\n\t\t\t\t\t\t\t\t\t<\/div>\n\t\t\t\t\t<\/div>\n\t\t\t\t\t\t\t\t\t\t<div class=\"premium-person-container premium-person-none-effect\">\n\t\t\t\t\t\t<div class=\"premium-person-image-container\">\n\t\t\t\t\t\t<img decoding=\"async\" width=\"758\" height=\"800\" src=\"https:\/\/www.target-partners.com\/wp-content\/uploads\/2025\/05\/photo-hicham.jpg\" class=\"attachment-full size-full wp-image-16580\" alt=\"\" srcset=\"https:\/\/www.target-partners.com\/wp-content\/uploads\/2025\/05\/photo-hicham.jpg 758w, https:\/\/www.target-partners.com\/wp-content\/uploads\/2025\/05\/photo-hicham-284x300.jpg 284w, https:\/\/www.target-partners.com\/wp-content\/uploads\/2025\/05\/photo-hicham-700x739.jpg 700w\" sizes=\"(max-width: 758px) 100vw, 758px\" \/>\t\t\t\t\t\t\t\t\t\t\t\t\t<\/div>\n\t\t\t\t\t\t<div class=\"premium-person-info\">\n\t\t\t\t\t\t\t\t\t\t<div class=\"premium-person-info-container\">\n\t\t\t\t\t\t\t\t\t<h3 class=\"premium-person-name\">Hicham EL IDRISSI<\/h3>\n\t\t\t\t\t\t\t\t\t\t\t<h4 class=\"premium-person-title\">\n\t\t\t\t\t\t\t<span>Associ\u00e9, g\u00e9rant<\/span>\n\t\t\t\t\t\t<\/h4>\n\t\t\t\t\t\t\t\t\t\t\t<div class=\"premium-person-content\">\n\t\t\t\t\t\t\t<p>Hicham EL IDRISSI est Associ\u00e9 g\u00e9rant, charg\u00e9 de la supervision des activit\u00e9s Audit et Conseil.<\/p><p>Hicham d\u00e9tient \u00e0 son actif plus de <b>18 ann\u00e9es<\/b> d\u2019exp\u00e9rience en mati\u00e8re d\u2019accompagnement d\u2019entreprises dans le domaine comptable, juridique, fiscal et social.<\/p><p>Il a occup\u00e9 \u00e9galement le poste de directeur financier au sein d\u2019un grand groupe Marocain.<\/p>\t\t\t\t\t\t<\/div>\n\t\t\t\t\t\t\t\t<\/div>\n\t\t\t\t\t\t\t\t\t<\/div>\n\t\t\t\t\t<\/div>\n\t\t\t\t\t\t\t<\/div>\n\t\t\t\t\t\t<\/div>\n\t\t\t\t<\/div>\n\t\t\t\t\t<\/div>\n\t\t<\/div>\n\t\t\t\t\t<\/div>\n\t\t<\/section>\n\t\t\t\t\t<\/div>\n\t\t<\/div>\n\t\t\t\t\t<\/div>\n\t\t<\/section>\n\t\t\t\t<section class=\"elementor-section elementor-top-section elementor-element elementor-element-0c12232 elementor-section-full_width elementor-section-height-min-height cta elementor-section-height-default elementor-section-items-middle parallax_section_no qode_elementor_container_no\" data-id=\"0c12232\" data-element_type=\"section\" data-settings=\"{&quot;background_background&quot;:&quot;classic&quot;}\">\n\t\t\t\t\t\t<div class=\"elementor-container elementor-column-gap-default\">\n\t\t\t\t\t<div class=\"elementor-column elementor-col-100 elementor-top-column elementor-element elementor-element-c1c43c9\" data-id=\"c1c43c9\" data-element_type=\"column\">\n\t\t\t<div class=\"elementor-widget-wrap elementor-element-populated\">\n\t\t\t\t\t\t<section class=\"elementor-section elementor-inner-section elementor-element elementor-element-dfca702 elementor-section-boxed elementor-section-height-default elementor-section-height-default parallax_section_no qode_elementor_container_no\" data-id=\"dfca702\" data-element_type=\"section\">\n\t\t\t\t\t\t<div class=\"elementor-container elementor-column-gap-default\">\n\t\t\t\t\t<div class=\"elementor-column elementor-col-50 elementor-inner-column elementor-element elementor-element-9029871\" data-id=\"9029871\" data-element_type=\"column\">\n\t\t\t<div class=\"elementor-widget-wrap elementor-element-populated\">\n\t\t\t\t\t\t<div class=\"elementor-element elementor-element-13cc16b elementor-invisible elementor-widget elementor-widget-heading\" data-id=\"13cc16b\" data-element_type=\"widget\" data-settings=\"{&quot;_animation&quot;:&quot;fadeInDown&quot;}\" data-widget_type=\"heading.default\">\n\t\t\t\t<div class=\"elementor-widget-container\">\n\t\t\t\t\t<h2 class=\"elementor-heading-title elementor-size-default\">Vous souhaitez en savoir plus sur notre savoir-faire ?<\/h2>\t\t\t\t<\/div>\n\t\t\t\t<\/div>\n\t\t\t\t\t<\/div>\n\t\t<\/div>\n\t\t\t\t<div class=\"elementor-column elementor-col-50 elementor-inner-column elementor-element elementor-element-e65b84c\" data-id=\"e65b84c\" data-element_type=\"column\" data-settings=\"{&quot;animation&quot;:&quot;none&quot;}\">\n\t\t\t<div class=\"elementor-widget-wrap elementor-element-populated\">\n\t\t\t\t\t\t<div class=\"elementor-element elementor-element-b7eeaa8 elementor-absolute premium-lottie-svg elementor-widget elementor-widget-premium-lottie\" data-id=\"b7eeaa8\" data-element_type=\"widget\" data-settings=\"{&quot;lottie_file&quot;:{&quot;url&quot;:&quot;http:\\\/\\\/www.target-partners.com\\\/wp-content\\\/uploads\\\/2021\\\/05\\\/logo.json&quot;,&quot;id&quot;:15225,&quot;size&quot;:&quot;&quot;},&quot;_position&quot;:&quot;absolute&quot;}\" data-widget_type=\"premium-lottie.default\">\n\t\t\t\t<div class=\"elementor-widget-container\">\n\t\t\t\t\t\n\t\t<div class=\"premium-lottie-animation\" data-lottie-url=\"http:\/\/www.target-partners.com\/wp-content\/uploads\/2021\/05\/logo.json\" data-lottie-loop=\"true\" data-lottie-reverse=\"true\" data-lottie-hover=\"\" data-lottie-speed=\"1\" data-lottie-render=\"svg\" data-lottie-delay=\"\">\n\t\t\t\t\t<\/div>\n\n\t\t\t\t\t\t<\/div>\n\t\t\t\t<\/div>\n\t\t\t\t<div class=\"elementor-element elementor-element-f5386b4 elementor-invisible elementor-widget elementor-widget-bridge_button\" data-id=\"f5386b4\" data-element_type=\"widget\" data-settings=\"{&quot;_animation&quot;:&quot;fadeInRight&quot;}\" data-widget_type=\"bridge_button.default\">\n\t\t\t\t<div class=\"elementor-widget-container\">\n\t\t\t\t\t<a  itemprop=\"url\" href=\"\/nos-services\" target=\"_self\" data-hover-border-color='#FFFFFF'  class=\"qbutton  medium white default\" style=\"text-transform: initial; \">D\u00e9couvrez nos services<\/a>\t\t\t\t<\/div>\n\t\t\t\t<\/div>\n\t\t\t\t\t<\/div>\n\t\t<\/div>\n\t\t\t\t\t<\/div>\n\t\t<\/section>\n\t\t\t\t\t<\/div>\n\t\t<\/div>\n\t\t\t\t\t<\/div>\n\t\t<\/section>\n\t\t\t\t<\/div>\n\t\t","protected":false},"excerpt":{"rendered":"<p>\u00e9quipe d\u00e9rigeante Le cabinet Target Partners dispose d\u2019experts d\u00e9di\u00e9s pour chaque nature d&rsquo;intervention. Nos \u00e9quipes suivent des programmes de formation et de mise \u00e0 niveau r\u00e9guli\u00e8rement afin de fournir une prestation de qualit\u00e9 irr\u00e9prochable. Nos \u00e9quipes constituent un atout permettant de proposer aux dirigeants une&#8230;<\/p>\n","protected":false},"author":1,"featured_media":0,"parent":15497,"menu_order":3,"comment_status":"open","ping_status":"closed","template":"full_width.php","meta":{"footnotes":""},"class_list":["post-15480","page","type-page","status-publish","hentry"],"_links":{"self":[{"href":"https:\/\/www.target-partners.com\/fr\/wp-json\/wp\/v2\/pages\/15480","targetHints":{"allow":["GET"]}}],"collection":[{"href":"https:\/\/www.target-partners.com\/fr\/wp-json\/wp\/v2\/pages"}],"about":[{"href":"https:\/\/www.target-partners.com\/fr\/wp-json\/wp\/v2\/types\/page"}],"author":[{"embeddable":true,"href":"https:\/\/www.target-partners.com\/fr\/wp-json\/wp\/v2\/users\/1"}],"replies":[{"embeddable":true,"href":"https:\/\/www.target-partners.com\/fr\/wp-json\/wp\/v2\/comments?post=15480"}],"version-history":[{"count":101,"href":"https:\/\/www.target-partners.com\/fr\/wp-json\/wp\/v2\/pages\/15480\/revisions"}],"predecessor-version":[{"id":17247,"href":"https:\/\/www.target-partners.com\/fr\/wp-json\/wp\/v2\/pages\/15480\/revisions\/17247"}],"up":[{"embeddable":true,"href":"https:\/\/www.target-partners.com\/fr\/wp-json\/wp\/v2\/pages\/15497"}],"wp:attachment":[{"href":"https:\/\/www.target-partners.com\/fr\/wp-json\/wp\/v2\/media?parent=15480"}],"curies":[{"name":"wp","href":"https:\/\/api.w.org\/{rel}","templated":true}]}}