{"id":15518,"date":"2021-06-22T10:10:48","date_gmt":"2021-06-22T10:10:48","guid":{"rendered":"http:\/\/www.target-partners.com\/?page_id=15518"},"modified":"2025-07-22T15:03:31","modified_gmt":"2025-07-22T15:03:31","slug":"nos-services","status":"publish","type":"page","link":"https:\/\/www.target-partners.com\/fr\/nos-services\/","title":{"rendered":"Nos services"},"content":{"rendered":"\t\t<div data-elementor-type=\"wp-page\" data-elementor-id=\"15518\" class=\"elementor elementor-15518\">\n\t\t\t\t\t\t<section class=\"elementor-section elementor-top-section elementor-element elementor-element-4fe1c43 elementor-section-full_width elementor-section-height-default elementor-section-height-default parallax_section_no qode_elementor_container_no\" data-id=\"4fe1c43\" data-element_type=\"section\" data-settings=\"{&quot;background_background&quot;:&quot;classic&quot;}\">\n\t\t\t\t\t\t<div class=\"elementor-container elementor-column-gap-default\">\n\t\t\t\t\t<div class=\"elementor-column elementor-col-100 elementor-top-column elementor-element elementor-element-153c266\" data-id=\"153c266\" data-element_type=\"column\">\n\t\t\t<div class=\"elementor-widget-wrap elementor-element-populated\">\n\t\t\t\t\t\t<section class=\"elementor-section elementor-inner-section elementor-element elementor-element-77a0ce5 elementor-section-boxed elementor-section-height-default elementor-section-height-default parallax_section_no qode_elementor_container_no\" data-id=\"77a0ce5\" data-element_type=\"section\">\n\t\t\t\t\t\t<div class=\"elementor-container elementor-column-gap-default\">\n\t\t\t\t\t<div class=\"elementor-column elementor-col-100 elementor-inner-column elementor-element elementor-element-95f713e\" data-id=\"95f713e\" data-element_type=\"column\">\n\t\t\t<div class=\"elementor-widget-wrap elementor-element-populated\">\n\t\t\t\t\t\t<div class=\"elementor-element elementor-element-25062b8 premium-header-block elementor-invisible elementor-widget elementor-widget-premium-addon-dual-header\" data-id=\"25062b8\" data-element_type=\"widget\" data-settings=\"{&quot;_animation&quot;:&quot;fadeInDown&quot;}\" data-widget_type=\"premium-addon-dual-header.default\">\n\t\t\t\t<div class=\"elementor-widget-container\">\n\t\t\t\t\t\r\n\t\t\t\t\t<h2 class=\"premium-dual-header-first-header \"><span class=\"premium-dual-header-first-span\"> <\/span><span class=\"premium-dual-header-second-header \">Explorez nos services<\/span><\/h2> \t\t\r\n\t\t\t\t\t\t<\/div>\n\t\t\t\t<\/div>\n\t\t\t\t<div class=\"elementor-element elementor-element-ea19acb elementor-widget elementor-widget-text-editor\" data-id=\"ea19acb\" data-element_type=\"widget\" data-widget_type=\"text-editor.default\">\n\t\t\t\t<div class=\"elementor-widget-container\">\n\t\t\t\t\t\t\t\t\t<div class=\"separator small center \" style=\"margin-top: -10px; margin-bottom: 8px;\"><\/div>\t\t\t\t\t\t\t\t<\/div>\n\t\t\t\t<\/div>\n\t\t\t\t<div class=\"elementor-element elementor-element-4bef3d0 elementor-widget elementor-widget-text-editor\" data-id=\"4bef3d0\" data-element_type=\"widget\" data-widget_type=\"text-editor.default\">\n\t\t\t\t<div class=\"elementor-widget-container\">\n\t\t\t\t\t\t\t\t\t<h3 style=\"font-weight: 300; text-transform: inherit;\">Une offre compl\u00e8te et un accompagnement sur mesure<\/h3>\t\t\t\t\t\t\t\t<\/div>\n\t\t\t\t<\/div>\n\t\t\t\t\t<\/div>\n\t\t<\/div>\n\t\t\t\t\t<\/div>\n\t\t<\/section>\n\t\t\t\t\t<\/div>\n\t\t<\/div>\n\t\t\t\t\t<\/div>\n\t\t<\/section>\n\t\t\t\t<section class=\"elementor-section elementor-top-section elementor-element elementor-element-04f0719 elementor-section-boxed elementor-section-height-default elementor-section-height-default parallax_section_no qode_elementor_container_no\" data-id=\"04f0719\" data-element_type=\"section\">\n\t\t\t\t\t\t<div class=\"elementor-container elementor-column-gap-default\">\n\t\t\t\t\t<div class=\"elementor-column elementor-col-100 elementor-top-column elementor-element elementor-element-39da944\" data-id=\"39da944\" data-element_type=\"column\">\n\t\t\t<div class=\"elementor-widget-wrap elementor-element-populated\">\n\t\t\t\t\t\t<div class=\"elementor-element elementor-element-137e3bb elementor-widget elementor-widget-bridge_tabs\" data-id=\"137e3bb\" data-element_type=\"widget\" data-widget_type=\"bridge_tabs.default\">\n\t\t\t\t<div class=\"elementor-widget-container\">\n\t\t\t\t\t<div class=\"qode-advanced-tabs qode-advanced-tabs qode-advanced-horizontal-tab clearfix qode-advanced-tab-without-icon qode-advanced-tabs-column-7 clearfix\">\n\t<ul class=\"qode-advanced-tabs-nav\">\n\t\t\t\t\t<li>\n\t\t\t\t<h4>\n\t\t\t\t\t<a href=\"#tab-expertise-comptable-et-reporting-financier\">\n\t\t\t\t\t\t\n\t\t\t\t\t\t\t\t\t\t\t\t\t<span class=\"qode-advanced-tab-text-after-icon\">\n\t\t\t\t\t\t\t\tExpertise Comptable et Reporting financier \t\t\t\t\t\t\t<\/span>\n\t\t\t\t\t\t\t\t\t\t\t<\/a>\n\t\t\t\t<\/h4>\n\t\t\t<\/li>\n\t\t\t\t\t<li>\n\t\t\t\t<h4>\n\t\t\t\t\t<a href=\"#tab-fiscalites\">\n\t\t\t\t\t\t\n\t\t\t\t\t\t\t\t\t\t\t\t\t<span class=\"qode-advanced-tab-text-after-icon\">\n\t\t\t\t\t\t\t\tFiscalit\u00e9s\t\t\t\t\t\t\t<\/span>\n\t\t\t\t\t\t\t\t\t\t\t<\/a>\n\t\t\t\t<\/h4>\n\t\t\t<\/li>\n\t\t\t\t\t<li>\n\t\t\t\t<h4>\n\t\t\t\t\t<a href=\"#tab-paie-rh\">\n\t\t\t\t\t\t\n\t\t\t\t\t\t\t\t\t\t\t\t\t<span class=\"qode-advanced-tab-text-after-icon\">\n\t\t\t\t\t\t\t\tPaie &amp; RH\t\t\t\t\t\t\t<\/span>\n\t\t\t\t\t\t\t\t\t\t\t<\/a>\n\t\t\t\t<\/h4>\n\t\t\t<\/li>\n\t\t\t\t\t<li>\n\t\t\t\t<h4>\n\t\t\t\t\t<a href=\"#tab-juridique\">\n\t\t\t\t\t\t\n\t\t\t\t\t\t\t\t\t\t\t\t\t<span class=\"qode-advanced-tab-text-after-icon\">\n\t\t\t\t\t\t\t\tJuridique\t\t\t\t\t\t\t<\/span>\n\t\t\t\t\t\t\t\t\t\t\t<\/a>\n\t\t\t\t<\/h4>\n\t\t\t<\/li>\n\t\t\t\t\t<li>\n\t\t\t\t<h4>\n\t\t\t\t\t<a href=\"#tab-accompagnement-des-investisseurs-etrangers\">\n\t\t\t\t\t\t\n\t\t\t\t\t\t\t\t\t\t\t\t\t<span class=\"qode-advanced-tab-text-after-icon\">\n\t\t\t\t\t\t\t\tAccompagnement des investisseurs \u00e9trangers \t\t\t\t\t\t\t<\/span>\n\t\t\t\t\t\t\t\t\t\t\t<\/a>\n\t\t\t\t<\/h4>\n\t\t\t<\/li>\n\t\t\t\t\t<li>\n\t\t\t\t<h4>\n\t\t\t\t\t<a href=\"#tab-audit\">\n\t\t\t\t\t\t\n\t\t\t\t\t\t\t\t\t\t\t\t\t<span class=\"qode-advanced-tab-text-after-icon\">\n\t\t\t\t\t\t\t\tAudit\t\t\t\t\t\t\t<\/span>\n\t\t\t\t\t\t\t\t\t\t\t<\/a>\n\t\t\t\t<\/h4>\n\t\t\t<\/li>\n\t\t\t\t\t<li>\n\t\t\t\t<h4>\n\t\t\t\t\t<a href=\"#tab-pilotage-et-financement\">\n\t\t\t\t\t\t\n\t\t\t\t\t\t\t\t\t\t\t\t\t<span class=\"qode-advanced-tab-text-after-icon\">\n\t\t\t\t\t\t\t\tPilotage et financement\t\t\t\t\t\t\t<\/span>\n\t\t\t\t\t\t\t\t\t\t\t<\/a>\n\t\t\t\t<\/h4>\n\t\t\t<\/li>\n\t\t\t<\/ul>\n\t<div class=\"qode-advanced-tab-container\" id=\"tab-expertise-comptable-et-reporting-financier-737\" data-icon-pack=\"\" data-icon-html=\"\"><ul>\n \t\n \t<li>R\u00e9vision des comptes produits par l\u2019entit\u00e9<\/li>\n \t<li>Tenue comptable<\/li>\n \t<li>Reportings et situations interm\u00e9diaires<\/li>\n \t<li>Etablissement des comptes annuels<\/li>\n \t<li>Mise en place de proc\u00e9dures administratives et comptables<\/li>\n<li>Mise en place de la fonction comptable<\/li>\n \t<li>Mise en conformit\u00e9 avec les r\u00e9f\u00e9rentiels locaux et internationaux<\/li>\n \t<li>Consolidation<\/li>\n<li>La reconstitution de comptabilit\u00e9<\/li>\n \t<li>Recrutement du personnel administratif et comptable (\u00e9laboration d\u2019un profil de poste, tests des connaissances...)<\/li>\n<\/ul><\/div><div class=\"qode-advanced-tab-container\" id=\"tab-fiscalites-645\" data-icon-pack=\"\" data-icon-html=\"\"><ul>\n \t<li>Gestion des d\u00e9clarations fiscales<\/li>\n \t<li>Conseil et optimisation fiscale<\/li>\n \t<li>Revue et mise en conformit\u00e9 fiscal<\/li>\n \t<li>Assistance aux conroles et contentieux fiscaux<\/li>\n \t<li>R\u00e9alisation des reportings fiscaux<\/li>\n \t<li>Cat\u00e9gorisation fiscale et douani\u00e8re<\/li>\n \t<li>R\u00e9alisation des d\u00e9marches aupr\u00e8s de l'administration fiscale : Demandes de remboursement, Attestation fiscale + achat en exon\u00e9ration de TVA\u2026<\/li>\n<\/ul><\/div><div class=\"qode-advanced-tab-container\" id=\"tab-paie-rh-948\" data-icon-pack=\"font_awesome\" data-icon-html=\"&lt;i class=&quot;qode_icon_font_awesome fa  &quot; &gt;&lt;\/i&gt;\"><ul>\n \t<li>Gestion et optimisation de la paie<\/li><li>\nR\u00e9daction des contrats de travail<\/li>\n \t<li>Revue de la paie et de la conformit\u00e9 sociale<\/li>\n \t<li>Externalisation de la gestion administrative du personnel<\/li>\n \t<li>R\u00e9ponse aux questions sociales<\/li>\n \t<li>Assistance dans le cadre des contr\u00f4le CNSS<\/li>\n \t<li>Assistance dans la mise en conformit\u00e9 CNDP<\/li>\n \t<li>Audit et mise en conformit\u00e9 : Social, CNDP, code du travail<\/li>\n \t<li>R\u00e9alisation des d\u00e9marches aupr\u00e8s de l'ANAPEC<\/li>\n<\/ul><\/div><div class=\"qode-advanced-tab-container\" id=\"tab-juridique-626\" data-icon-pack=\"font_awesome\" data-icon-html=\"&lt;i class=&quot;qode_icon_font_awesome fa  &quot; &gt;&lt;\/i&gt;\"><ul>\n \t<li>Cr\u00e9ation d'entreprises<\/li>\n \t<li>R\u00e9daction des pacts d'associ\u00e9s<\/li>\n \t<li>Modifications statutaires : changement des administrateurs et d'actionnariat, Augmentation de capital, Changement d'objet, liquidation\u2026<\/li>\n \t<li>Secr\u00e9tariat juridique annuelle (assembl\u00e9e g\u00e9n\u00e9rale ordinaire) : de la convocation des associ\u00e9s jusqu'au d\u00e9p\u00f4t l\u00e9gal des actes<\/li>\n \t<li>Droit de travail<\/li>\n \t<li>Droit des soci\u00e9t\u00e9s<\/li>\n \t<li>Etablissement et revue des contrats : Contrat de bail, de cession, de sous-traitance, de Mise \u00e0 disposition, de location g\u00e9rance\u2026<\/li>\n \t<li>Gestion des contentieux de la vie des affaires<\/li>\n \t<li>Revue et mise en conformit\u00e9 juridique<\/li>\n \t<li>Restructuration juridique<\/li><li>\nD\u00e9p\u00f4t de marque<\/li>\n<\/ul><\/div><div class=\"qode-advanced-tab-container\" id=\"tab-accompagnement-des-investisseurs-etrangers-988\" data-icon-pack=\"\" data-icon-html=\"\"><ul>\n \t<li>Briefing fiscal et juridique<\/li>\n \t<li>Etude de projet<\/li>\n \t<li>Conseil au montage juridique<\/li>\n \t<li>Optimisation du montage fiscal<\/li>\n \t<li>Cr\u00e9ation de la structure<\/li>\n \t<li>Externalisation des aspects comptables, sociaux, juridiques et gestion de la paie<\/li>\n \t<li>Assistance aux d\u00e9marches administratives : banque, domiciliation, autorisations, office des changes<\/li>\n \t<li>Assistance aux dirigeants et salari\u00e9s \u00e9trangers : permis de travail et carte de s\u00e9jour, d\u00e9clarations fiscales, quitus fiscal, office des changes\u2026<\/li>\n \t<li>Assistance au recrutement et Mise \u00e0 disposition de ressources (personnel, outils\u2026)<\/li>\n \t<li>Assistance au choix des outils et logiciels de gestion<\/li>\n \t<li>Modifications juridiques : changement des administrateurs et d'actionnariat, Augmentation de capital, Changement d'objet, liquidation\u2026<\/li>\n<\/ul><\/div><div class=\"qode-advanced-tab-container\" id=\"tab-audit-715\" data-icon-pack=\"\" data-icon-html=\"\"><ul>\n \t<li>Audit comptable et financier (L\u00e9gal et contractuel)<\/li>\n \t<li>Audit d\u2019acquisition (due diligence)<\/li>\n \t<li>Audit op\u00e9rationnel, de gestion et de fraude<\/li>\n \t<li>Revue des proc\u00e9dures internes et r\u00e9daction \u00e9ventuelle d\u2019un livre de proc\u00e9dures ;<\/li>\n \t<li>Rapports sp\u00e9cifiques : Augmentation &amp; r\u00e9duction de capital, Transformation de soci\u00e9t\u00e9, Apports en nature, Fusion, Arr\u00eat\u00e9 de cr\u00e9ances...<\/li>\n<\/ul><\/div><div class=\"qode-advanced-tab-container\" id=\"tab-pilotage-et-financement-200\" data-icon-pack=\"font_awesome\" data-icon-html=\"&lt;i class=&quot;qode_icon_font_awesome fa  &quot; &gt;&lt;\/i&gt;\"><ul>\n \t<li>Mise en place de la comptabilit\u00e9 analytique<\/li>\n \t<li>Diagnostic financier<\/li>\n \t<li>R\u00e9alisation des business plan (pour les financements autre que bancaires)<\/li>\n \t<li>Pilotage de l\u2019activit\u00e9 (tableau de bord, indicateurs...).<\/li>\n \t<li>Accompagnement pour l\u2019obtention des subventions (MAROC PME, Minist\u00e8res)<\/li>\n<\/ul><\/div><\/div>\t\t\t\t<\/div>\n\t\t\t\t<\/div>\n\t\t\t\t\t<\/div>\n\t\t<\/div>\n\t\t\t\t\t<\/div>\n\t\t<\/section>\n\t\t\t\t<section class=\"elementor-section elementor-top-section elementor-element elementor-element-e971606 elementor-section-full_width elementor-section-height-min-height cta elementor-section-height-default elementor-section-items-middle parallax_section_no qode_elementor_container_no\" data-id=\"e971606\" data-element_type=\"section\" data-settings=\"{&quot;background_background&quot;:&quot;classic&quot;}\">\n\t\t\t\t\t\t<div class=\"elementor-container elementor-column-gap-default\">\n\t\t\t\t\t<div class=\"elementor-column elementor-col-100 elementor-top-column elementor-element elementor-element-05dd011\" data-id=\"05dd011\" data-element_type=\"column\">\n\t\t\t<div class=\"elementor-widget-wrap elementor-element-populated\">\n\t\t\t\t\t\t<section class=\"elementor-section elementor-inner-section elementor-element elementor-element-6361a91 elementor-section-boxed elementor-section-height-default elementor-section-height-default parallax_section_no qode_elementor_container_no\" data-id=\"6361a91\" data-element_type=\"section\">\n\t\t\t\t\t\t<div class=\"elementor-container elementor-column-gap-default\">\n\t\t\t\t\t<div class=\"elementor-column elementor-col-50 elementor-inner-column elementor-element elementor-element-67be9c0\" data-id=\"67be9c0\" data-element_type=\"column\">\n\t\t\t<div class=\"elementor-widget-wrap elementor-element-populated\">\n\t\t\t\t\t\t<div class=\"elementor-element elementor-element-b415876 elementor-invisible elementor-widget elementor-widget-heading\" data-id=\"b415876\" data-element_type=\"widget\" data-settings=\"{&quot;_animation&quot;:&quot;fadeInDown&quot;}\" data-widget_type=\"heading.default\">\n\t\t\t\t<div class=\"elementor-widget-container\">\n\t\t\t\t\t<h2 class=\"elementor-heading-title elementor-size-default\">Vous aimeriez travailler avec notre \u00e9quipe? <\/h2>\t\t\t\t<\/div>\n\t\t\t\t<\/div>\n\t\t\t\t\t<\/div>\n\t\t<\/div>\n\t\t\t\t<div class=\"elementor-column elementor-col-50 elementor-inner-column elementor-element elementor-element-2d8f93f\" data-id=\"2d8f93f\" data-element_type=\"column\" data-settings=\"{&quot;animation&quot;:&quot;none&quot;}\">\n\t\t\t<div class=\"elementor-widget-wrap elementor-element-populated\">\n\t\t\t\t\t\t<div class=\"elementor-element elementor-element-4f776da elementor-absolute premium-lottie-svg elementor-widget elementor-widget-premium-lottie\" data-id=\"4f776da\" data-element_type=\"widget\" data-settings=\"{&quot;lottie_file&quot;:{&quot;url&quot;:&quot;http:\\\/\\\/www.target-partners.com\\\/wp-content\\\/uploads\\\/2021\\\/05\\\/logo.json&quot;,&quot;id&quot;:15225,&quot;size&quot;:&quot;&quot;},&quot;_position&quot;:&quot;absolute&quot;}\" data-widget_type=\"premium-lottie.default\">\n\t\t\t\t<div class=\"elementor-widget-container\">\n\t\t\t\t\t\n\t\t<div class=\"premium-lottie-animation\" data-lottie-url=\"http:\/\/www.target-partners.com\/wp-content\/uploads\/2021\/05\/logo.json\" data-lottie-loop=\"true\" data-lottie-reverse=\"true\" data-lottie-hover=\"\" data-lottie-speed=\"1\" data-lottie-render=\"svg\" data-lottie-delay=\"\">\n\t\t\t\t\t<\/div>\n\n\t\t\t\t\t\t<\/div>\n\t\t\t\t<\/div>\n\t\t\t\t<div class=\"elementor-element elementor-element-aa9af99 elementor-invisible elementor-widget elementor-widget-bridge_button\" data-id=\"aa9af99\" data-element_type=\"widget\" data-settings=\"{&quot;_animation&quot;:&quot;fadeInRight&quot;}\" data-widget_type=\"bridge_button.default\">\n\t\t\t\t<div class=\"elementor-widget-container\">\n\t\t\t\t\t<a  itemprop=\"url\" href=\"\/nous-rejoindre\" target=\"_self\" data-hover-border-color='#FFFFFF'  class=\"qbutton  medium white default\" style=\"text-transform: initial; \">Rejoignez-nous<\/a>\t\t\t\t<\/div>\n\t\t\t\t<\/div>\n\t\t\t\t\t<\/div>\n\t\t<\/div>\n\t\t\t\t\t<\/div>\n\t\t<\/section>\n\t\t\t\t\t<\/div>\n\t\t<\/div>\n\t\t\t\t\t<\/div>\n\t\t<\/section>\n\t\t\t\t<\/div>\n\t\t","protected":false},"excerpt":{"rendered":"<p>Explorez nos services Une offre compl\u00e8te et un accompagnement sur mesure Expertise Comptable et Reporting financier Fiscalit\u00e9s Paie &amp; RH Juridique Accompagnement des investisseurs \u00e9trangers Audit Pilotage et financement R\u00e9vision des comptes produits par l\u2019entit\u00e9 Tenue comptable Reportings et situations interm\u00e9diaires Etablissement des comptes annuels&#8230;<\/p>\n","protected":false},"author":1,"featured_media":0,"parent":0,"menu_order":6,"comment_status":"closed","ping_status":"closed","template":"full_width.php","meta":{"footnotes":""},"class_list":["post-15518","page","type-page","status-publish","hentry"],"_links":{"self":[{"href":"https:\/\/www.target-partners.com\/fr\/wp-json\/wp\/v2\/pages\/15518","targetHints":{"allow":["GET"]}}],"collection":[{"href":"https:\/\/www.target-partners.com\/fr\/wp-json\/wp\/v2\/pages"}],"about":[{"href":"https:\/\/www.target-partners.com\/fr\/wp-json\/wp\/v2\/types\/page"}],"author":[{"embeddable":true,"href":"https:\/\/www.target-partners.com\/fr\/wp-json\/wp\/v2\/users\/1"}],"replies":[{"embeddable":true,"href":"https:\/\/www.target-partners.com\/fr\/wp-json\/wp\/v2\/comments?post=15518"}],"version-history":[{"count":61,"href":"https:\/\/www.target-partners.com\/fr\/wp-json\/wp\/v2\/pages\/15518\/revisions"}],"predecessor-version":[{"id":17177,"href":"https:\/\/www.target-partners.com\/fr\/wp-json\/wp\/v2\/pages\/15518\/revisions\/17177"}],"wp:attachment":[{"href":"https:\/\/www.target-partners.com\/fr\/wp-json\/wp\/v2\/media?parent=15518"}],"curies":[{"name":"wp","href":"https:\/\/api.w.org\/{rel}","templated":true}]}}